{"id":565,"date":"2026-01-23T08:17:09","date_gmt":"2026-01-23T08:17:09","guid":{"rendered":"https:\/\/spainonstage.es\/?page_id=565"},"modified":"2026-01-28T07:46:42","modified_gmt":"2026-01-28T07:46:42","slug":"aviso-legal","status":"publish","type":"page","link":"https:\/\/spainonstage.es\/en\/aviso-legal\/","title":{"rendered":"LEGAL NOTICE"},"content":{"rendered":"<h1 class=\"wp-block-heading\">LEGAL NOTICE<\/h1>\n\n\n\n<h2 class=\"wp-block-heading\"><strong>TITULARIDAD DEL SITIO WEB<\/strong><\/h2>\n\n\n\n<p>En cumplimiento de lo establecido en el art\u00edculo 10 de la Ley 34\/2002, de 11 de julio, de Servicios de la Sociedad de la Informaci\u00f3n y de Comercio Electr\u00f3nico (LSSI-CE), se informa a los usuarios y visitantes sobre la informaci\u00f3n legal relativa a la propiedad del sitio web <strong>www.spainonstage.es<\/strong>:<\/p>\n\n\n\n<ul class=\"wp-block-list\">\n<li><strong>Titular:<\/strong> LA MOTA EDICIONES S.C.A.<\/li>\n\n\n\n<li><strong>CIF:<\/strong> F91334615<\/li>\n\n\n\n<li><strong>Domicilio Social:<\/strong> Calle Diego Ni\u00f1o, 3, El Puerto de Santa Mar\u00eda, 11500, C\u00e1diz.<\/li>\n\n\n\n<li><strong>Tel\u00e9fono:<\/strong> +34 687 84 35 59<\/li>\n\n\n\n<li><strong>Correo electr\u00f3nico:<\/strong> jesus.sanchez@monkeyweek.org<\/li>\n\n\n\n<li><strong>Actividad del sitio:<\/strong> Informaci\u00f3n sobre el festival \u00abSpain on Stage\u00bb.<\/li>\n<\/ul>\n\n\n\n<h2 class=\"wp-block-heading\"><strong>PROPIEDAD INTELECTUAL E INDUSTRIAL<\/strong><\/h2>\n\n\n\n<p>Todos los contenidos del sitio web (textos, fotograf\u00edas, gr\u00e1ficos, im\u00e1genes, iconos, tecnolog\u00eda, software, as\u00ed como su dise\u00f1o gr\u00e1fico y c\u00f3digos fuente) constituyen una obra cuya propiedad pertenece a LA MOTA EDICIONES S.C.A., sin que puedan entenderse cedidos al usuario ninguno de los derechos de explotaci\u00f3n sobre los mismos m\u00e1s all\u00e1 de lo estrictamente necesario para el correcto uso de la web.<\/p>\n\n\n\n<h2 class=\"wp-block-heading\"><strong>EXENCI\u00d3N DE RESPONSABILIDADES<\/strong><\/h2>\n\n\n\n<p>LA MOTA EDICIONES S.C.A. no se hace responsable, en ning\u00fan caso, de los da\u00f1os y perjuicios de cualquier naturaleza que pudieran ocasionar, a t\u00edtulo enunciativo: errores u omisiones en los contenidos, falta de disponibilidad del portal o la transmisi\u00f3n de virus o programas maliciosos o lesivos en los contenidos, a pesar de haber adoptado todas las medidas tecnol\u00f3gicas necesarias para evitarlo.<\/p>\n\n\n\n<h2 class=\"wp-block-heading\"><strong>LEY APLICABLE Y JURISDICCI\u00d3N<\/strong><\/h2>\n\n\n\n<p>La ley aplicable en caso de disputa o conflicto de interpretaci\u00f3n de los t\u00e9rminos que conforman este Aviso Legal, as\u00ed como cualquier cuesti\u00f3n relacionada con los servicios del presente portal, ser\u00e1 la ley espa\u00f1ola.<\/p>","protected":false},"excerpt":{"rendered":"<p>AVISO LEGAL TITULARIDAD DEL SITIO WEB En cumplimiento de lo establecido en el art\u00edculo 10 de la Ley 34\/2002, de 11 de julio, de Servicios de la Sociedad de la Informaci\u00f3n y de Comercio Electr\u00f3nico (LSSI-CE), se informa a los usuarios y visitantes sobre la informaci\u00f3n legal relativa a la propiedad del sitio web www.spainonstage.es: [&hellip;]<\/p>\n","protected":false},"author":2,"featured_media":0,"parent":0,"menu_order":0,"comment_status":"closed","ping_status":"closed","template":"p-gina-a","meta":{"_acf_changed":false,"_seopress_robots_primary_cat":"","_seopress_titles_title":"","_seopress_titles_desc":"","_seopress_robots_index":"","footnotes":""},"class_list":["post-565","page","type-page","status-publish","hentry"],"acf":[],"_links":{"self":[{"href":"https:\/\/spainonstage.es\/en\/wp-json\/wp\/v2\/pages\/565","targetHints":{"allow":["GET"]}}],"collection":[{"href":"https:\/\/spainonstage.es\/en\/wp-json\/wp\/v2\/pages"}],"about":[{"href":"https:\/\/spainonstage.es\/en\/wp-json\/wp\/v2\/types\/page"}],"author":[{"embeddable":true,"href":"https:\/\/spainonstage.es\/en\/wp-json\/wp\/v2\/users\/2"}],"replies":[{"embeddable":true,"href":"https:\/\/spainonstage.es\/en\/wp-json\/wp\/v2\/comments?post=565"}],"version-history":[{"count":3,"href":"https:\/\/spainonstage.es\/en\/wp-json\/wp\/v2\/pages\/565\/revisions"}],"predecessor-version":[{"id":874,"href":"https:\/\/spainonstage.es\/en\/wp-json\/wp\/v2\/pages\/565\/revisions\/874"}],"wp:attachment":[{"href":"https:\/\/spainonstage.es\/en\/wp-json\/wp\/v2\/media?parent=565"}],"curies":[{"name":"wp","href":"https:\/\/api.w.org\/{rel}","templated":true}]}}