{"id":564,"date":"2026-01-23T08:23:45","date_gmt":"2026-01-23T08:23:45","guid":{"rendered":"https:\/\/spainonstage.es\/?page_id=564"},"modified":"2026-01-28T07:46:43","modified_gmt":"2026-01-28T07:46:43","slug":"politica-de-cookies","status":"publish","type":"page","link":"https:\/\/spainonstage.es\/en\/politica-de-cookies\/","title":{"rendered":"COOKIE POLICY"},"content":{"rendered":"<h1 class=\"wp-block-heading\">COOKIE POLICY<\/h1>\n\n\n\n<h2 class=\"wp-block-heading\"><strong>\u00bfQU\u00c9 SON LAS COOKIES?<sup><\/sup><\/strong><\/h2>\n\n\n\n<p>Una cookie es un peque\u00f1o fichero de texto que se almacena en su navegador cuand<sup><\/sup>o visita casi cualquier p\u00e1gina web. Su utilidad es que la web sea capaz de recordar su visita cuando vuelva a navegar por esa p\u00e1gina.<\/p>\n\n\n\n<h2 class=\"wp-block-heading\"><strong>COOKIES UTILIZADAS EN ESTE SITIO WEB<\/strong><\/h2>\n\n\n\n<p>Siguiendo las directrices de la Agencia Espa\u00f1ola de Protecci\u00f3n de Datos procedemos a detallar el uso de cookies que hace esta web.<\/p>\n\n\n\n<p>Este sitio web <strong>NO utiliza cookies publicitarias, ni de an\u00e1lisis de comportamiento (como Google Analytics o P\u00edxeles de seguimiento)<\/strong>.<\/p>\n\n\n\n<p>\u00danicamente utiliza las siguientes <strong>cookies t\u00e9cnicas<\/strong>, las cuales son estrictamente necesarias para el funcionamiento del sitio y no requieren consentimiento previo del usuario, aunque s\u00ed el deber de informaci\u00f3n:<sup><\/sup><\/p>\n\n\n\n<figure class=\"wp-block-table is-style-regular\"><table><thead><tr><th>Nombre de la Cookie<\/th><th>Duraci\u00f3n<\/th><th>Finalidad<\/th><\/tr><\/thead><tbody><tr><td><em>wpEmojiSettingsSupports<\/em><\/td><td><em>Sesi\u00f3n<\/em><\/td><td><em>Cookie t\u00e9cnica de WordPress. Se utiliza para detectar si el navegador del usuario es compatible con la visualizaci\u00f3n de emojis.<\/em><\/td><\/tr><\/tbody><\/table><\/figure>\n\n\n\n<h2 class=\"wp-block-heading\"><strong>DESACTIVACI\u00d3N O ELIMINACI\u00d3N DE COOKIES<\/strong><\/h2>\n\n\n\n<p>En cualquier momento podr\u00e1 ejercer su derecho de desactivaci\u00f3n o eliminaci\u00f3n de cookies de este sitio web. Estas acciones se realizan de forma diferente en funci\u00f3n del navegador que est\u00e9 usando (Chrome, Firefox, Safari, Edge, etc.) en sus opciones de configuraci\u00f3n y privacidad.<\/p>","protected":false},"excerpt":{"rendered":"<p>POL\u00cdTICA DE COOKIES \u00bfQU\u00c9 SON LAS COOKIES? Una cookie es un peque\u00f1o fichero de texto que se almacena en su navegador cuando visita casi cualquier p\u00e1gina web. Su utilidad es que la web sea capaz de recordar su visita cuando vuelva a navegar por esa p\u00e1gina. COOKIES UTILIZADAS EN ESTE SITIO WEB Siguiendo las directrices [&hellip;]<\/p>\n","protected":false},"author":2,"featured_media":0,"parent":0,"menu_order":0,"comment_status":"closed","ping_status":"closed","template":"p-gina-a","meta":{"_acf_changed":false,"_seopress_robots_primary_cat":"","_seopress_titles_title":"","_seopress_titles_desc":"","_seopress_robots_index":"","footnotes":""},"class_list":["post-564","page","type-page","status-publish","hentry"],"acf":[],"_links":{"self":[{"href":"https:\/\/spainonstage.es\/en\/wp-json\/wp\/v2\/pages\/564","targetHints":{"allow":["GET"]}}],"collection":[{"href":"https:\/\/spainonstage.es\/en\/wp-json\/wp\/v2\/pages"}],"about":[{"href":"https:\/\/spainonstage.es\/en\/wp-json\/wp\/v2\/types\/page"}],"author":[{"embeddable":true,"href":"https:\/\/spainonstage.es\/en\/wp-json\/wp\/v2\/users\/2"}],"replies":[{"embeddable":true,"href":"https:\/\/spainonstage.es\/en\/wp-json\/wp\/v2\/comments?post=564"}],"version-history":[{"count":4,"href":"https:\/\/spainonstage.es\/en\/wp-json\/wp\/v2\/pages\/564\/revisions"}],"predecessor-version":[{"id":876,"href":"https:\/\/spainonstage.es\/en\/wp-json\/wp\/v2\/pages\/564\/revisions\/876"}],"wp:attachment":[{"href":"https:\/\/spainonstage.es\/en\/wp-json\/wp\/v2\/media?parent=564"}],"curies":[{"name":"wp","href":"https:\/\/api.w.org\/{rel}","templated":true}]}}