{"id":563,"date":"2026-01-23T08:19:51","date_gmt":"2026-01-23T08:19:51","guid":{"rendered":"https:\/\/spainonstage.es\/?page_id=563"},"modified":"2026-01-28T07:46:43","modified_gmt":"2026-01-28T07:46:43","slug":"politica-de-privacidad","status":"publish","type":"page","link":"https:\/\/spainonstage.es\/en\/politica-de-privacidad\/","title":{"rendered":"PRIVACY POLICY"},"content":{"rendered":"<h1 class=\"wp-block-heading\">PRIVACY POLICY<\/h1>\n\n\n\n<h2 class=\"wp-block-heading\"><strong>RESPONSABLE DEL TRATAMIENTO<\/strong><\/h2>\n\n\n\n<p>Los datos de car\u00e1cter personal que se pudieran recabar directamente del interesado ser\u00e1n tratados de forma confidencial y quedar\u00e1n incorporados a la correspondiente actividad de tratamiento titularidad de:<\/p>\n\n\n\n<ul class=\"wp-block-list\">\n<li><strong>Responsable:<\/strong> LA MOTA EDICIONES S.C.A.<\/li>\n\n\n\n<li><strong>CIF:<\/strong> F91334615<\/li>\n\n\n\n<li><strong>Direcci\u00f3n:<\/strong> Calle Diego Ni\u00f1o, 3, El Puerto de Santa Mar\u00eda, 11500, C\u00e1diz.<\/li>\n\n\n\n<li><strong>Email de contacto:<\/strong> jesus.sanchez@monkeyweek.org<\/li>\n<\/ul>\n\n\n\n<h2 class=\"wp-block-heading\"><strong>FINALIDAD DEL TRATAMIENTO<\/strong><\/h2>\n\n\n\n<p>La finalidad del tratamiento de los datos corresponde a la gesti\u00f3n de la inscripci\u00f3n en el festival \u00abSpain on Stage\u00bb, as\u00ed como para atender las consultas o comunicaciones recibidas a trav\u00e9s de los canales de contacto.<\/p>\n\n\n\n<h2 class=\"wp-block-heading\"><strong>LEGITIMACI\u00d3N<\/strong><\/h2>\n\n\n\n<p>El tratamiento de sus datos se realiza para el cumplimiento de obligaciones legales por parte del responsable, as\u00ed como cuando la finalidad del tratamiento requiera su consentimiento, que habr\u00e1 de ser prestado mediante una clara acci\u00f3n afirmativa (marcado de casilla en el formulario de inscripci\u00f3n).<\/p>\n\n\n\n<h2 class=\"wp-block-heading\"><strong>CONSERVACI\u00d3N DE DATOS<\/strong><\/h2>\n\n\n\n<p>Los datos personales proporcionados se conservar\u00e1n durante el tiempo necesario para cumplir con la finalidad para la que se recaban (la gesti\u00f3n del festival) y para determinar las posibles responsabilidades que se pudieran derivar de la finalidad.<\/p>\n\n\n\n<h2 class=\"wp-block-heading\"><strong>COMUNICACI\u00d3N DE DATOS<\/strong><\/h2>\n\n\n\n<p>Con car\u00e1cter general no se comunicar\u00e1n los datos personales a terceros, salvo obligaci\u00f3n legal.<\/p>\n\n\n\n<p>No obstante, le informamos que para la gesti\u00f3n de inscripciones utilizamos la tecnolog\u00eda de <strong>Google Forms<\/strong>. Esto implica que los datos introducidos en el formulario pueden ser almacenados en los servidores de Google (Google LLC\/Alphabet Inc.), lo cual supone una transferencia internacional de datos, amparada bajo las cl\u00e1usulas contractuales tipo y las normativas de privacidad de dicho proveedor.<\/p>\n\n\n\n<h2 class=\"wp-block-heading\"><strong>DERECHOS DE LOS INTERESADOS<\/strong><\/h2>\n\n\n\n<p>Cualquier persona tiene derecho a obtener confirmaci\u00f3n sobre los tratamientos que de sus datos que se llevan a cabo por LA MOTA EDICIONES S.C.A.<sup><\/sup><\/p>\n\n\n\n<p>Puede ejercer sus derechos de acceso, rectificaci\u00f3n, supresi\u00f3n y portabilidad de sus datos, de limitaci\u00f3n y oposici\u00f3n a su tratamiento, as\u00ed como a no ser objeto<sup><\/sup> de decisiones basadas \u00fanicamente en el tratamiento automatizado de sus datos, enviando un correo electr\u00f3nico a <strong>jesus.sanchez@monkeyweek.org<\/strong>.<sup><\/sup><\/p>","protected":false},"excerpt":{"rendered":"<p>POL\u00cdTICA DE PRIVACIDAD RESPONSABLE DEL TRATAMIENTO Los datos de car\u00e1cter personal que se pudieran recabar directamente del interesado ser\u00e1n tratados de forma confidencial y quedar\u00e1n incorporados a la correspondiente actividad de tratamiento titularidad de: FINALIDAD DEL TRATAMIENTO La finalidad del tratamiento de los datos corresponde a la gesti\u00f3n de la inscripci\u00f3n en el festival \u00abSpain [&hellip;]<\/p>\n","protected":false},"author":2,"featured_media":0,"parent":0,"menu_order":0,"comment_status":"closed","ping_status":"closed","template":"p-gina-a","meta":{"_acf_changed":false,"_seopress_robots_primary_cat":"","_seopress_titles_title":"","_seopress_titles_desc":"","_seopress_robots_index":"","footnotes":""},"class_list":["post-563","page","type-page","status-publish","hentry"],"acf":[],"_links":{"self":[{"href":"https:\/\/spainonstage.es\/en\/wp-json\/wp\/v2\/pages\/563","targetHints":{"allow":["GET"]}}],"collection":[{"href":"https:\/\/spainonstage.es\/en\/wp-json\/wp\/v2\/pages"}],"about":[{"href":"https:\/\/spainonstage.es\/en\/wp-json\/wp\/v2\/types\/page"}],"author":[{"embeddable":true,"href":"https:\/\/spainonstage.es\/en\/wp-json\/wp\/v2\/users\/2"}],"replies":[{"embeddable":true,"href":"https:\/\/spainonstage.es\/en\/wp-json\/wp\/v2\/comments?post=563"}],"version-history":[{"count":4,"href":"https:\/\/spainonstage.es\/en\/wp-json\/wp\/v2\/pages\/563\/revisions"}],"predecessor-version":[{"id":875,"href":"https:\/\/spainonstage.es\/en\/wp-json\/wp\/v2\/pages\/563\/revisions\/875"}],"wp:attachment":[{"href":"https:\/\/spainonstage.es\/en\/wp-json\/wp\/v2\/media?parent=563"}],"curies":[{"name":"wp","href":"https:\/\/api.w.org\/{rel}","templated":true}]}}