{"id":532,"date":"2026-01-22T19:46:28","date_gmt":"2026-01-22T19:46:28","guid":{"rendered":"https:\/\/spainonstage.es\/?page_id=532"},"modified":"2026-03-27T11:18:49","modified_gmt":"2026-03-27T11:18:49","slug":"inscripcion","status":"publish","type":"page","link":"https:\/\/spainonstage.es\/en\/inscripcion\/","title":{"rendered":"REGISTER"},"content":{"rendered":"<div data-elementor-type=\"wp-page\" data-elementor-id=\"532\" class=\"elementor elementor-532\" data-elementor-post-type=\"page\">\n\t\t\t\t<div class=\"elementor-element elementor-element-157e895 e-flex e-con-boxed e-con e-parent\" data-id=\"157e895\" data-element_type=\"container\" data-e-type=\"container\">\n\t\t\t\t\t<div class=\"e-con-inner\">\n\t\t\t\t<div class=\"elementor-element elementor-element-e4c4108 elementor-widget elementor-widget-heading\" data-id=\"e4c4108\" data-element_type=\"widget\" data-e-type=\"widget\" data-widget_type=\"heading.default\">\n\t\t\t\t\t<h1 class=\"elementor-heading-title elementor-size-default\">REGISTRATION FOR PROFESSIONAL ACCREDITATION<\/h1>\t\t\t\t<\/div>\n\t\t\t\t<div class=\"elementor-element elementor-element-968bec4 elementor-widget elementor-widget-text-editor\" data-id=\"968bec4\" data-element_type=\"widget\" data-e-type=\"widget\" data-widget_type=\"text-editor.default\">\n\t\t\t\t\t\t\t\t\t<p data-path-to-node=\"4,0\">This registration is an application for professional accreditation, which will grant you access to all <strong>Spain on Stage activities<\/strong>. Due to venue capacity limits, submitting this form does not guarantee a spot or the right of admission. The organizers will notify you whether your accreditation has been approved or denied by <strong>March 31<\/strong>.<\/p>\t\t\t\t\t\t\t\t<\/div>\n\t\t\t\t<div class=\"elementor-element elementor-element-0681ea3 elementor-view-default elementor-position-block-start elementor-mobile-position-block-start elementor-widget elementor-widget-icon-box\" data-id=\"0681ea3\" data-element_type=\"widget\" data-e-type=\"widget\" data-widget_type=\"icon-box.default\">\n\t\t\t\t\t\t\t<div class=\"elementor-icon-box-wrapper\">\n\n\t\t\t\t\t\t<div class=\"elementor-icon-box-icon\">\n\t\t\t\t<span  class=\"elementor-icon\">\n\t\t\t\t<svg aria-hidden=\"true\" class=\"e-font-icon-svg e-fas-lock\" viewbox=\"0 0 448 512\" xmlns=\"http:\/\/www.w3.org\/2000\/svg\"><path d=\"M400 224h-24v-72C376 68.2 307.8 0 224 0S72 68.2 72 152v72H48c-26.5 0-48 21.5-48 48v192c0 26.5 21.5 48 48 48h352c26.5 0 48-21.5 48-48V272c0-26.5-21.5-48-48-48zm-104 0H152v-72c0-39.7 32.3-72 72-72s72 32.3 72 72v72z\"><\/path><\/svg>\t\t\t\t<\/span>\n\t\t\t<\/div>\n\t\t\t\n\t\t\t\t\t\t<div class=\"elementor-icon-box-content\">\n\n\t\t\t\t\n\t\t\t\t\t\t\t\t\t<p class=\"elementor-icon-box-description\">\n\t\t\t\t\t\tRegistration is closed.\t\t\t\t\t<\/p>\n\t\t\t\t\n\t\t\t<\/div>\n\t\t\t\n\t\t<\/div>\n\t\t\t\t\t\t<\/div>\n\t\t\t\t\t<\/div>\n\t\t\t\t<\/div>\n\t\t\t\t<\/div>","protected":false},"excerpt":{"rendered":"<p>INSCRIPCI\u00d3N PARA ACREDITACIONES PROFESIONALES Esta inscripci\u00f3n es una solicitud para obtener la acreditaci\u00f3n profesional que te permitir\u00e1 acceder a todas las actividades de Spain on Stage. Debido a los l\u00edmites de aforo de los recintos, el env\u00edo de este formulario no garantiza la reserva de plaza ni el derecho de admisi\u00f3n. La organizaci\u00f3n te notificar\u00e1 [&hellip;]<\/p>\n","protected":false},"author":2,"featured_media":0,"parent":0,"menu_order":0,"comment_status":"closed","ping_status":"closed","template":"","meta":{"_acf_changed":false,"_seopress_robots_primary_cat":"","_seopress_titles_title":"","_seopress_titles_desc":"","_seopress_robots_index":"","footnotes":""},"class_list":["post-532","page","type-page","status-publish","hentry"],"acf":[],"_links":{"self":[{"href":"https:\/\/spainonstage.es\/en\/wp-json\/wp\/v2\/pages\/532","targetHints":{"allow":["GET"]}}],"collection":[{"href":"https:\/\/spainonstage.es\/en\/wp-json\/wp\/v2\/pages"}],"about":[{"href":"https:\/\/spainonstage.es\/en\/wp-json\/wp\/v2\/types\/page"}],"author":[{"embeddable":true,"href":"https:\/\/spainonstage.es\/en\/wp-json\/wp\/v2\/users\/2"}],"replies":[{"embeddable":true,"href":"https:\/\/spainonstage.es\/en\/wp-json\/wp\/v2\/comments?post=532"}],"version-history":[{"count":56,"href":"https:\/\/spainonstage.es\/en\/wp-json\/wp\/v2\/pages\/532\/revisions"}],"predecessor-version":[{"id":2709,"href":"https:\/\/spainonstage.es\/en\/wp-json\/wp\/v2\/pages\/532\/revisions\/2709"}],"wp:attachment":[{"href":"https:\/\/spainonstage.es\/en\/wp-json\/wp\/v2\/media?parent=532"}],"curies":[{"name":"wp","href":"https:\/\/api.w.org\/{rel}","templated":true}]}}